{"id":267,"date":"2020-02-01T18:18:23","date_gmt":"2020-02-01T17:18:23","guid":{"rendered":"https:\/\/wietstruk.eu\/?page_id=267"},"modified":"2020-02-01T20:20:22","modified_gmt":"2020-02-01T19:20:22","slug":"datenschutzhinweise","status":"publish","type":"page","link":"https:\/\/wietstruk.eu\/?page_id=267","title":{"rendered":"Datenschutzhinweise"},"content":{"rendered":"\n<h2 class=\"wp-block-heading\">Datenschutzerkl\u00e4rung f\u00fcr \u00bbwietstruk.eu\u00ab<br><\/h2>\n\n\n\n<p>Personenbezogene\n Daten (nachfolgend zumeist nur \u201eDaten\u201c genannt) werden von uns nur im \nRahmen der Erforderlichkeit sowie zum Zwecke der Bereitstellung eines \nfunktionsf\u00e4higen und nutzerfreundlichen Internetauftritts, inklusive \nseiner Inhalte und der dort angebotenen Leistungen, verarbeitet.<\/p>\n\n\n\n<p>Gem\u00e4\u00df\n Art. 4 Ziffer 1. der Verordnung (EU) 2016\/679, also der \nDatenschutz-Grundverordnung (nachfolgend nur \u201eDSGVO\u201c genannt), gilt als \n\u201eVerarbeitung\u201c jeder mit oder ohne Hilfe automatisierter Verfahren \nausgef\u00fchrter Vorgang oder jede solche Vorgangsreihe im Zusammenhang mit \npersonenbezogenen Daten, wie das Erheben, das Erfassen, die \nOrganisation, das Ordnen, die Speicherung, die Anpassung oder \nVer\u00e4nderung, das Auslesen, das Abfragen, die Verwendung, die Offenlegung\n durch \u00dcbermittlung, Verbreitung oder eine andere Form der \nBereitstellung, den Abgleich oder die Verkn\u00fcpfung, die Einschr\u00e4nkung, \ndas L\u00f6schen oder die Vernichtung.<\/p>\n\n\n\n<p>Mit der nachfolgenden \nDatenschutzerkl\u00e4rung informieren wir Sie insbesondere \u00fcber Art, Umfang, \nZweck, Dauer und Rechtsgrundlage der Verarbeitung personenbezogener \nDaten, soweit wir entweder allein oder gemeinsam mit anderen \u00fcber die \nZwecke und Mittel der Verarbeitung entscheiden. Zudem informieren wir \nSie nachfolgend \u00fcber die von uns zu Optimierungszwecken sowie zur \nSteigerung der Nutzungsqualit\u00e4t eingesetzten Fremdkomponenten, soweit \nhierdurch Dritte Daten in wiederum eigener Verantwortung verarbeiten.<\/p>\n\n\n\n<p>Unsere Datenschutzerkl\u00e4rung ist wie folgt gegliedert:<\/p>\n\n\n\n<p>I. Informationen \u00fcber uns als Verantwortliche<br>II. Rechte der Nutzer und Betroffenen<br>III. Informationen zur Datenverarbeitung<\/p>\n\n\n\n<h3 class=\"wp-block-heading\">I. Informationen \u00fcber uns als Verantwortliche<\/h3>\n\n\n\n<p>Verantwortlicher Anbieter dieses Internetauftritts im datenschutzrechtlichen Sinne ist:<\/p>\n\n\n\n<p>Bernd Wietstruk<br>15834 Rangsdorf<br>Deutschland<\/p>\n\n\n\n<p><br>E-Mail: imehl (at) wietstruk.eu<\/p>\n\n\n\n<h3 class=\"wp-block-heading\">II. Rechte der Nutzer und Betroffenen<\/h3>\n\n\n\n<p>Mit Blick auf die nachfolgend noch n\u00e4her beschriebene Datenverarbeitung haben die Nutzer und Betroffenen das Recht<\/p>\n\n\n\n<ul class=\"wp-block-list\"><li>auf\n Best\u00e4tigung, ob sie betreffende Daten verarbeitet werden, auf Auskunft \n\u00fcber die verarbeiteten Daten, auf weitere Informationen \u00fcber die \nDatenverarbeitung sowie auf Kopien der Daten (vgl. auch Art. 15 DSGVO);<\/li><li>auf Berichtigung oder Vervollst\u00e4ndigung unrichtiger bzw. unvollst\u00e4ndiger Daten (vgl. auch Art. 16 DSGVO);<\/li><li>auf\n unverz\u00fcgliche L\u00f6schung der sie betreffenden Daten (vgl. auch Art. 17 \nDSGVO), oder, alternativ, soweit eine weitere Verarbeitung gem\u00e4\u00df Art. 17\n Abs. 3 DSGVO erforderlich ist, auf Einschr\u00e4nkung der Verarbeitung nach \nMa\u00dfgabe von Art. 18 DSGVO;<\/li><li>auf Erhalt der sie betreffenden und \nvon ihnen bereitgestellten Daten und auf \u00dcbermittlung dieser Daten an \nandere Anbieter\/Verantwortliche (vgl. auch Art. 20 DSGVO);<\/li><li>auf \nBeschwerde gegen\u00fcber der Aufsichtsbeh\u00f6rde, sofern sie der Ansicht sind, \ndass die sie betreffenden Daten durch den Anbieter unter Versto\u00df gegen \ndatenschutzrechtliche Bestimmungen verarbeitet werden (vgl. auch Art. 77\n DSGVO).<\/li><\/ul>\n\n\n\n<p>Dar\u00fcber hinaus ist der Anbieter dazu verpflichtet, \nalle Empf\u00e4nger, denen gegen\u00fcber Daten durch den Anbieter offengelegt \nworden sind, \u00fcber jedwede Berichtigung oder L\u00f6schung von Daten oder die \nEinschr\u00e4nkung der Verarbeitung, die aufgrund der Artikel 16, 17 Abs. 1, \n18 DSGVO erfolgt, zu unterrichten. Diese Verpflichtung besteht jedoch \nnicht, soweit diese Mitteilung unm\u00f6glich oder mit einem \nunverh\u00e4ltnism\u00e4\u00dfigen Aufwand verbunden ist. Unbeschadet dessen hat der \nNutzer ein Recht auf Auskunft \u00fcber diese Empf\u00e4nger.<\/p>\n\n\n\n<p><strong>Ebenfalls\n haben die Nutzer und Betroffenen nach Art. 21 DSGVO das Recht auf \nWiderspruch gegen die k\u00fcnftige Verarbeitung der sie betreffenden Daten, \nsofern die Daten durch den Anbieter nach Ma\u00dfgabe von Art. 6 Abs. 1 lit. \nf) DSGVO verarbeitet werden. Insbesondere ist ein Widerspruch gegen die \nDatenverarbeitung zum Zwecke der Direktwerbung statthaft.<\/strong><\/p>\n\n\n\n<h3 class=\"wp-block-heading\">III. Informationen zur Datenverarbeitung<\/h3>\n\n\n\n<p>Ihre\n bei Nutzung unseres Internetauftritts verarbeiteten Daten werden \ngel\u00f6scht oder gesperrt, sobald der Zweck der Speicherung entf\u00e4llt, der \nL\u00f6schung der Daten keine gesetzlichen Aufbewahrungspflichten \nentgegenstehen und nachfolgend keine anderslautenden Angaben zu \neinzelnen Verarbeitungsverfahren gemacht werden.<\/p>\n\n\n\n<h4 class=\"wp-block-heading\">Cookies<\/h4>\n\n\n\n<h5 class=\"wp-block-heading\">a) Sitzungs-Cookies\/Session-Cookies<\/h5>\n\n\n\n<p>Wir\n verwenden mit unserem Internetauftritt sog. Cookies. Cookies sind \nkleine Textdateien oder andere Speichertechnologien, die durch den von \nIhnen eingesetzten Internet-Browser auf Ihrem Endger\u00e4t ablegt und \ngespeichert werden. Durch diese Cookies werden im individuellen Umfang \nbestimmte Informationen von Ihnen, wie beispielsweise Ihre Browser- oder\n Standortdaten oder Ihre IP-Adresse, verarbeitet. &nbsp;<\/p>\n\n\n\n<p>Durch diese \nVerarbeitung wird unser Internetauftritt benutzerfreundlicher, \neffektiver und sicherer, da die Verarbeitung bspw. die Wiedergabe \nunseres Internetauftritts in unterschiedlichen Sprachen oder das Angebot\n einer Warenkorbfunktion erm\u00f6glicht.<\/p>\n\n\n\n<p>Rechtsgrundlage dieser \nVerarbeitung ist Art. 6 Abs. 1 lit b.) DSGVO, sofern diese Cookies Daten\n zur Vertragsanbahnung oder Vertragsabwicklung verarbeitet werden.<\/p>\n\n\n\n<p>Falls\n die Verarbeitung nicht der Vertragsanbahnung oder Vertragsabwicklung \ndient, liegt unser berechtigtes Interesse in der Verbesserung der \nFunktionalit\u00e4t unseres Internetauftritts. Rechtsgrundlage ist in dann \nArt. 6 Abs. 1 lit. f) DSGVO.<\/p>\n\n\n\n<p>Mit Schlie\u00dfen Ihres Internet-Browsers werden diese Session-Cookies gel\u00f6scht.<\/p>\n\n\n\n<h5 class=\"wp-block-heading\">b) Drittanbieter-Cookies<\/h5>\n\n\n\n<p>Gegebenenfalls\n werden mit unserem Internetauftritt auch Cookies von \nPartnerunternehmen, mit denen wir zum Zwecke der Werbung, der Analyse \noder der Funktionalit\u00e4ten unseres Internetauftritts zusammenarbeiten, \nverwendet.<\/p>\n\n\n\n<p>Die Einzelheiten hierzu, insbesondere zu den Zwecken \nund den Rechtsgrundlagen der Verarbeitung solcher Drittanbieter-Cookies,\n entnehmen Sie bitte den nachfolgenden Informationen.<\/p>\n\n\n\n<h5 class=\"wp-block-heading\">c) Beseitigungsm\u00f6glichkeit<\/h5>\n\n\n\n<p>Sie\n k\u00f6nnen die Installation der Cookies durch eine Einstellung Ihres \nInternet-Browsers verhindern oder einschr\u00e4nken. Ebenfalls k\u00f6nnen Sie \nbereits gespeicherte Cookies jederzeit l\u00f6schen. Die hierf\u00fcr \nerforderlichen Schritte und Ma\u00dfnahmen h\u00e4ngen jedoch von Ihrem konkret \ngenutzten Internet-Browser ab. Bei Fragen benutzen Sie daher bitte die \nHilfefunktion oder Dokumentation Ihres Internet-Browsers oder wenden \nsich an dessen Hersteller bzw. Support. Bei sog. Flash-Cookies kann die \nVerarbeitung allerdings nicht \u00fcber die Einstellungen des Browsers \nunterbunden werden. Stattdessen m\u00fcssen Sie insoweit die Einstellung \nIhres Flash-Players \u00e4ndern. Auch die hierf\u00fcr erforderlichen Schritte und\n Ma\u00dfnahmen h\u00e4ngen von Ihrem konkret genutzten Flash-Player ab. Bei \nFragen benutzen Sie daher bitte ebenso die Hilfefunktion oder \nDokumentation Ihres Flash-Players oder wenden sich an den Hersteller \nbzw. Benutzer-Support.<\/p>\n\n\n\n<p>Sollten Sie die Installation der Cookies \nverhindern oder einschr\u00e4nken, kann dies allerdings dazu f\u00fchren, dass \nnicht s\u00e4mtliche Funktionen unseres Internetauftritts vollumf\u00e4nglich \nnutzbar sind.<\/p>\n\n\n\n<h4 class=\"wp-block-heading\">Nutzerbeitr\u00e4ge, Kommentare und Bewertungen<\/h4>\n\n\n\n<p>Wir\n bieten Ihnen an, auf unseren Internetseiten Fragen, Antworten, \nMeinungen oder Bewertungen, nachfolgend nur \u201eBeitr\u00e4ge genannt, zu \nver\u00f6ffentlichen. Sofern Sie dieses Angebot in Anspruch nehmen, \nverarbeiten und ver\u00f6ffentlichen wir Ihren Beitrag, Datum und Uhrzeit der\n Einreichung sowie das von Ihnen ggf. genutzte Pseudonym.<\/p>\n\n\n\n<p>Rechtsgrundlage\n hierbei ist Art. 6 Abs. 1 lit. a) DSGVO. Die Einwilligung k\u00f6nnen Sie \ngem\u00e4\u00df Art. 7 Abs. 3 DSGVO jederzeit mit Wirkung f\u00fcr die Zukunft \nwiderrufen. Hierzu m\u00fcssen Sie uns lediglich \u00fcber Ihren Widerruf in \nKenntnis setzen.<\/p>\n\n\n\n<p>Dar\u00fcber hinaus verarbeiten wir auch Ihre IP- und \nE-Mail-Adresse. Die IP-Adresse wird verarbeitet, weil wir ein \nberechtigtes Interesse daran haben, weitere Schritte einzuleiten oder zu\n unterst\u00fctzen, sofern Ihr Beitrag in Rechte Dritter eingreift und\/oder \ner sonst wie rechtswidrig erfolgt.<\/p>\n\n\n\n<p>Rechtsgrundlage ist in diesem \nFall Art. 6 Abs. 1 lit. f) DSGVO. Unser berechtigtes Interesse liegt in \nder ggf. notwendigen Rechtsverteidigung.<\/p>\n\n\n\n<p><a href=\"https:\/\/www.ratgeberrecht.eu\/leistungen\/muster-datenschutzerklaerung.html\" target=\"_blank\" rel=\"noreferrer noopener\">Muster-Datenschutzerkl\u00e4rung<\/a> der <a href=\"https:\/\/www.ratgeberrecht.eu\/\" target=\"_blank\" rel=\"noreferrer noopener\">Anwaltskanzlei Wei\u00df &amp; Partner<\/a><\/p>\n","protected":false},"excerpt":{"rendered":"<p>Datenschutzerkl\u00e4rung f\u00fcr \u00bbwietstruk.eu\u00ab Personenbezogene Daten (nachfolgend zumeist nur \u201eDaten\u201c genannt) werden von uns nur im Rahmen der Erforderlichkeit sowie zum Zwecke der Bereitstellung eines funktionsf\u00e4higen und nutzerfreundlichen Internetauftritts, inklusive seiner Inhalte und der dort angebotenen Leistungen, verarbeitet. Gem\u00e4\u00df Art. 4<\/p>\n","protected":false},"author":1,"featured_media":0,"parent":0,"menu_order":0,"comment_status":"closed","ping_status":"closed","template":"","meta":{"ngg_post_thumbnail":0,"footnotes":""},"class_list":["post-267","page","type-page","status-publish","hentry"],"_links":{"self":[{"href":"https:\/\/wietstruk.eu\/index.php?rest_route=\/wp\/v2\/pages\/267","targetHints":{"allow":["GET"]}}],"collection":[{"href":"https:\/\/wietstruk.eu\/index.php?rest_route=\/wp\/v2\/pages"}],"about":[{"href":"https:\/\/wietstruk.eu\/index.php?rest_route=\/wp\/v2\/types\/page"}],"author":[{"embeddable":true,"href":"https:\/\/wietstruk.eu\/index.php?rest_route=\/wp\/v2\/users\/1"}],"replies":[{"embeddable":true,"href":"https:\/\/wietstruk.eu\/index.php?rest_route=%2Fwp%2Fv2%2Fcomments&post=267"}],"version-history":[{"count":1,"href":"https:\/\/wietstruk.eu\/index.php?rest_route=\/wp\/v2\/pages\/267\/revisions"}],"predecessor-version":[{"id":268,"href":"https:\/\/wietstruk.eu\/index.php?rest_route=\/wp\/v2\/pages\/267\/revisions\/268"}],"wp:attachment":[{"href":"https:\/\/wietstruk.eu\/index.php?rest_route=%2Fwp%2Fv2%2Fmedia&parent=267"}],"curies":[{"name":"wp","href":"https:\/\/api.w.org\/{rel}","templated":true}]}}