{"id":265,"date":"2020-02-01T18:17:01","date_gmt":"2020-02-01T17:17:01","guid":{"rendered":"https:\/\/wietstruk.eu\/?page_id=265"},"modified":"2020-02-01T20:21:24","modified_gmt":"2020-02-01T19:21:24","slug":"impressum","status":"publish","type":"page","link":"https:\/\/wietstruk.eu\/?page_id=265","title":{"rendered":"Impressum"},"content":{"rendered":"\n<h3 class=\"wp-block-heading\">Impressum und allgemeine Nutzungsbedingungen f\u00fcr \u00bbwietstruk.eu\u00ab<br><\/h3>\n\n\n\n<p><strong>Gem\u00e4\u00df \u00a76 des Mediendienstestaatsvertrages:<\/strong><br>Verfasser und Betreiber dieser privaten Homepage ist <a href=\"mailto:imehl@wietstruk.eu\">Bernd Wietstruk<\/a>, D-15834 Rangsdorf (Germany).<\/p>\n\n\n\n<p><strong>1. Informationen zum Urheberrecht<\/strong><br>Alle\n Informationen dieser Web-Seite werden wie angegeben ohne Anspruch auf \nRichtigkeit, Vollst\u00e4ndigkeit oder Aktualit\u00e4t zur Verf\u00fcgung gestellt. \nWenn nicht ausdr\u00fccklich anderweitig in dieser Publikation zu verstehen \ngegeben, und zwar in Zusammenhang mit einem bestimmten Ausschnitt, einer\n Datei, oder einem Dokument, ist jedermann dazu berechtigt, dieses \nDokument anzusehen, zu kopieren, zu drucken und zu verteilen, unter den \nfolgenden Bedingungen: Das Dokument darf nur f\u00fcr nichtkommerzielle \nInformationszwecke genutzt werden. Jede Kopie dieses Dokuments oder \neines Teils davon muss diese urheberrechtliche Erkl\u00e4rung und das \nurheberrechtliche Schutzzeichen des Betreibers enthalten. Das Dokument, \njede Kopie des Dokuments oder eines Teils davon d\u00fcrfen nicht ohne \nschriftliche Zustimmung des Betreibers ver\u00e4ndert werden. Der Betreiber \nbeh\u00e4lt sich das Recht vor, diese Genehmigung jederzeit zu widerrufen, \nund jede Nutzung muss sofort eingestellt werden, sobald eine \nschriftliche Bekanntmachung seitens des Betreibers ver\u00f6ffentlicht wird.<\/p>\n\n\n\n<p><strong>2. Vertragliche Zusicherungen und Verzichterkl\u00e4rungen<\/strong><br>Die\n Website \u00bbwietstruk.eu\u00ab steht Ihnen &#8211; soweit nicht anders vereinbart &#8211; \nkostenlos zur Verf\u00fcgung. Die Betreiber \u00fcbernehmen keinerlei Gew\u00e4hr f\u00fcr \nRichtigkeit der enthaltenen Informationen, Verf\u00fcgbarkeit der Dienste, \nVerlust von auf \u00bbwietstruk.eu\u00ab abgespeicherten Daten oder Nutzbarkeit \nf\u00fcr irgendeinen bestimmten Zweck. Die Betreiber haften auch nicht f\u00fcr \nFolgesch\u00e4den, die auf einer Nutzung des Angebotes beruhen. Soweit ein \nHaftungsausschluss nicht in Betracht kommt, haften die Betreiber \nlediglich f\u00fcr grobe Fahrl\u00e4ssigkeit und Vorsatz. Produkt- und Firmennamen\n sind Marken der jeweiligen Eigent\u00fcmer und werden auf diesen Seiten \nausschliesslich zu Informationszwecken eingesetzt. Diese Publikation \nk\u00f6nnte technische oder andere Ungenauigkeiten enthalten oder Schreib- \noder Tippfehler. Von Zeit zu Zeit werden der vorliegenden Information \n\u00c4nderungen hinzugef\u00fcgt; diese \u00c4nderungen werden in neuen Ausgaben der \nPublikation eingef\u00fcgt. Der Betreiber kann jederzeit Verbesserungen \nund\/oder Ver\u00e4nderungen an den Angeboten vornehmen, die in dieser \nPublikation beschrieben werden.<\/p>\n\n\n\n<p><strong>3. Erkl\u00e4rung zum Datenschutz (Privacy Policy)<\/strong><br>Sofern  innerhalb des Internetangebotes die M\u00f6glichkeit zur Eingabe  pers\u00f6nlicher oder gesch\u00e4ftlicher Daten genutzt wird, so erfolgt die  Preisgabe dieser Daten seitens des Nutzers auf ausdr\u00fccklich freiwilliger  Basis. Die Inanspruchnahme unseres Dienstes ist &#8211; soweit technisch  m\u00f6glich und zumutbar &#8211; auch ohne Angabe solcher Daten bzw. unter Angabe  anonymisierter Daten oder eines Pseudonyms gestattet. Weitere wichtige  Informationen zum Thema Datenschutz finden sich in unserer Erkl\u00e4rung zum  <a href=\"https:\/\/wietstruk.eu\/?page_id=267\">Datenschutz<\/a> (Privacy Policy).<\/p>\n\n\n\n<p><strong>4. Hinweis gem\u00e4ss Teledienstgesetz<\/strong><br>F\u00fcr\n Internetseiten Dritter, auf die die dieses Angebot durch sog. Links \nverweist, tragen die jeweiligen Anbieter die Verantwortung. Der \nBetreiber ist f\u00fcr den Inhalt solcher Seiten Dritter nicht \nverantwortlich. Desweiteren kann die Web-Seite ohne unser Wissen von \nanderen Seiten mittels sog. Links angelinkt werden. Der Betreiber \n\u00fcbernimmt keine Verantwortung f\u00fcr Darstellungen, Inhalt oder irgendeine \nVerbindung zu dieser Web-Seite in Web-Seiten Dritter. F\u00fcr fremde Inhalte\n ist der Betreiber nur dann verantwortlich, wenn von ihnen (d.h. auch \nvon einem rechtswidrigen oder strafbaren Inhalt) positive Kenntnis \nvorliegt und es technisch m\u00f6glich und zumutbar ist, deren Nutzung zu \nverhindern. Der Betreiber ist nach dem Teledienstgesetz jedoch nicht \nverpflichtet, die fremden Inhalte st\u00e4ndig zu \u00fcberpr\u00fcfen.<\/p>\n\n\n\n<p><strong>Kontakt<\/strong><br>Fragen rund um \u00bbwietstruk.eu\u00ab bitte an den <a href=\"mailto:imehl@wietstruk.eu\">Webmaster<\/a> Bernd Wietstruk, 15834 Rangsdorf richten.<\/p>\n\n\n\n<p><strong>Rechtswirksamkeit<\/strong><br>Diese\n Allgemeinen Nutzungsbedingungen beziehen sich auf \u00bbwietstruk.eu\u00ab. \nSofern Teile oder einzelne Formulierungen dieses Textes der geltenden \nRechtslage nicht, nicht mehr oder nicht vollst\u00e4ndig entsprechen sollten,\n bleiben die \u00fcbrigen Teile des Dokumentes in ihrem Inhalt und ihrer \nG\u00fcltigkeit davon unber\u00fchrt.<\/p>\n","protected":false},"excerpt":{"rendered":"<p>Impressum und allgemeine Nutzungsbedingungen f\u00fcr \u00bbwietstruk.eu\u00ab Gem\u00e4\u00df \u00a76 des Mediendienstestaatsvertrages:Verfasser und Betreiber dieser privaten Homepage ist Bernd Wietstruk, D-15834 Rangsdorf (Germany). 1. Informationen zum UrheberrechtAlle Informationen dieser Web-Seite werden wie angegeben ohne Anspruch auf Richtigkeit, Vollst\u00e4ndigkeit oder Aktualit\u00e4t zur Verf\u00fcgung<\/p>\n","protected":false},"author":1,"featured_media":0,"parent":0,"menu_order":0,"comment_status":"closed","ping_status":"closed","template":"","meta":{"ngg_post_thumbnail":0,"footnotes":""},"class_list":["post-265","page","type-page","status-publish","hentry"],"_links":{"self":[{"href":"https:\/\/wietstruk.eu\/index.php?rest_route=\/wp\/v2\/pages\/265","targetHints":{"allow":["GET"]}}],"collection":[{"href":"https:\/\/wietstruk.eu\/index.php?rest_route=\/wp\/v2\/pages"}],"about":[{"href":"https:\/\/wietstruk.eu\/index.php?rest_route=\/wp\/v2\/types\/page"}],"author":[{"embeddable":true,"href":"https:\/\/wietstruk.eu\/index.php?rest_route=\/wp\/v2\/users\/1"}],"replies":[{"embeddable":true,"href":"https:\/\/wietstruk.eu\/index.php?rest_route=%2Fwp%2Fv2%2Fcomments&post=265"}],"version-history":[{"count":2,"href":"https:\/\/wietstruk.eu\/index.php?rest_route=\/wp\/v2\/pages\/265\/revisions"}],"predecessor-version":[{"id":276,"href":"https:\/\/wietstruk.eu\/index.php?rest_route=\/wp\/v2\/pages\/265\/revisions\/276"}],"wp:attachment":[{"href":"https:\/\/wietstruk.eu\/index.php?rest_route=%2Fwp%2Fv2%2Fmedia&parent=265"}],"curies":[{"name":"wp","href":"https:\/\/api.w.org\/{rel}","templated":true}]}}