{"id":15,"date":"2020-01-27T18:57:50","date_gmt":"2020-01-27T17:57:50","guid":{"rendered":"http:\/\/wpeu.wietstruk.eu\/?page_id=15"},"modified":"2026-04-05T17:01:05","modified_gmt":"2026-04-05T15:01:05","slug":"ueber-mich","status":"publish","type":"page","link":"https:\/\/wietstruk.eu\/?page_id=15","title":{"rendered":"\u00dcber mich"},"content":{"rendered":"\r\n<div class=\"wp-block-media-text has-media-on-the-right\" style=\"grid-template-columns: auto 15%;\">\r\n<figure class=\"wp-block-media-text__media\"><img loading=\"lazy\" decoding=\"async\" width=\"768\" height=\"1024\" class=\"wp-image-324\" src=\"https:\/\/wietstruk.eu\/wp-content\/uploads\/2020\/02\/20190730_200437_414-768x1024.jpg\" alt=\"\" srcset=\"https:\/\/wietstruk.eu\/wp-content\/uploads\/2020\/02\/20190730_200437_414-768x1024.jpg 768w, https:\/\/wietstruk.eu\/wp-content\/uploads\/2020\/02\/20190730_200437_414-225x300.jpg 225w, https:\/\/wietstruk.eu\/wp-content\/uploads\/2020\/02\/20190730_200437_414-1152x1536.jpg 1152w, https:\/\/wietstruk.eu\/wp-content\/uploads\/2020\/02\/20190730_200437_414-1536x2048.jpg 1536w, https:\/\/wietstruk.eu\/wp-content\/uploads\/2020\/02\/20190730_200437_414-scaled.jpg 1920w\" sizes=\"auto, (max-width: 768px) 100vw, 768px\" \/><\/figure>\r\n<div class=\"wp-block-media-text__content\">\r\n<p class=\"has-normal-font-size\">Ich bin ein vielseitig interessierter Mensch, der immer wieder etwas Neues ausprobieren muss. Ein richtiges Hobby habe ich nicht, aber viele Bet\u00e4tigungsfelder, in denen ich tempor\u00e4r mal mehr oder weniger anzutreffen bin.<\/p>\r\n<\/div>\r\n<\/div>\r\n\r\n\r\n\r\n<p>So als Mann und ein bissel Techniknerd faszinieren mich elektronische Gadgets wie Smartphones, Fototechnik, Videodreh &#8211; Bearbeitung und Schnitt, Modellautos, Quadrokopter, Hausautomation usw.<\/p>\r\n\r\n\r\n\r\n<p>Computer- und smartphonetechnisch bin ich eher im \uf8ff Apfellager zu Hause als bei den Windowsusern oder Androiden.<\/p>\r\n\r\n\r\n\r\n<p>Nur mal so rein aus Interesse an Funktechnik hatte ich im September 2017 die Amateurfunkpr\u00fcfung f\u00fcr die Klasse E (DO1BWR) abgelegt und dann im Februar 2018 auf die A-Lizenz erweitert und bin mit dem Rufzeichen DL7TF aber nur recht selten im digitalen DMR Netz von Brandmeister oder DMRplus aka IPSC2 unterwegs.<\/p>\r\n\r\n\r\n\r\n<p>Beim gelegentlichen Fahrradfahren genie\u00dfe ich m\u00f6glichst entspannt die Ruhe und Vielseitigkeit der Natur. Vor allem im Urlaub versuche ich, das Auto stehen zu lassen und die Umgebung velogem\u00e4\u00df zu erkunden.<\/p>\r\n\r\n\r\n\r\n<p>&#8230; und dann ist da noch der Garten, nat\u00fcrlich mit M\u00c4Hrlin dem M\u00e4hroboter :).<\/p>\r\n\r\n\r\n\r\n<div class=\"wp-block-image is-style-default\">\r\n<figure class=\"aligncenter size-large\"><img loading=\"lazy\" decoding=\"async\" width=\"950\" height=\"200\" class=\"wp-image-103\" src=\"http:\/\/wpeu.wietstruk.eu\/wp-content\/uploads\/2020\/01\/Banner4.jpg\" alt=\"Bluemchen\" srcset=\"https:\/\/wietstruk.eu\/wp-content\/uploads\/2020\/01\/Banner4.jpg 950w, https:\/\/wietstruk.eu\/wp-content\/uploads\/2020\/01\/Banner4-300x63.jpg 300w, https:\/\/wietstruk.eu\/wp-content\/uploads\/2020\/01\/Banner4-768x162.jpg 768w\" sizes=\"auto, (max-width: 950px) 100vw, 950px\" \/><\/figure>\r\n<\/div>\r\n\r\n\r\n\r\n<figure class=\"wp-block-image size-large is-style-default\"><img loading=\"lazy\" decoding=\"async\" width=\"768\" height=\"1024\" class=\"wp-image-284\" src=\"https:\/\/wietstruk.eu\/wp-content\/uploads\/2020\/02\/20190524_162759_088-768x1024.jpg\" alt=\"M\u00c4Hrlin\" srcset=\"https:\/\/wietstruk.eu\/wp-content\/uploads\/2020\/02\/20190524_162759_088-768x1024.jpg 768w, https:\/\/wietstruk.eu\/wp-content\/uploads\/2020\/02\/20190524_162759_088-225x300.jpg 225w, https:\/\/wietstruk.eu\/wp-content\/uploads\/2020\/02\/20190524_162759_088-1152x1536.jpg 1152w, https:\/\/wietstruk.eu\/wp-content\/uploads\/2020\/02\/20190524_162759_088-1536x2048.jpg 1536w, https:\/\/wietstruk.eu\/wp-content\/uploads\/2020\/02\/20190524_162759_088-scaled.jpg 1920w\" sizes=\"auto, (max-width: 768px) 100vw, 768px\" \/><\/figure>\r\n","protected":false},"excerpt":{"rendered":"<p>Ich bin ein vielseitig interessierter Mensch, der immer wieder etwas Neues ausprobieren muss. Ein richtiges Hobby habe ich nicht, aber viele Bet\u00e4tigungsfelder, in denen ich tempor\u00e4r mal mehr oder weniger anzutreffen bin. So als Mann und ein bissel Techniknerd faszinieren<\/p>\n","protected":false},"author":1,"featured_media":12,"parent":0,"menu_order":0,"comment_status":"closed","ping_status":"closed","template":"","meta":{"ngg_post_thumbnail":0,"footnotes":""},"class_list":["post-15","page","type-page","status-publish","has-post-thumbnail","hentry"],"_links":{"self":[{"href":"https:\/\/wietstruk.eu\/index.php?rest_route=\/wp\/v2\/pages\/15","targetHints":{"allow":["GET"]}}],"collection":[{"href":"https:\/\/wietstruk.eu\/index.php?rest_route=\/wp\/v2\/pages"}],"about":[{"href":"https:\/\/wietstruk.eu\/index.php?rest_route=\/wp\/v2\/types\/page"}],"author":[{"embeddable":true,"href":"https:\/\/wietstruk.eu\/index.php?rest_route=\/wp\/v2\/users\/1"}],"replies":[{"embeddable":true,"href":"https:\/\/wietstruk.eu\/index.php?rest_route=%2Fwp%2Fv2%2Fcomments&post=15"}],"version-history":[{"count":25,"href":"https:\/\/wietstruk.eu\/index.php?rest_route=\/wp\/v2\/pages\/15\/revisions"}],"predecessor-version":[{"id":448,"href":"https:\/\/wietstruk.eu\/index.php?rest_route=\/wp\/v2\/pages\/15\/revisions\/448"}],"wp:featuredmedia":[{"embeddable":true,"href":"https:\/\/wietstruk.eu\/index.php?rest_route=\/wp\/v2\/media\/12"}],"wp:attachment":[{"href":"https:\/\/wietstruk.eu\/index.php?rest_route=%2Fwp%2Fv2%2Fmedia&parent=15"}],"curies":[{"name":"wp","href":"https:\/\/api.w.org\/{rel}","templated":true}]}}